{"id":34525,"date":"2019-10-25T14:07:03","date_gmt":"2019-10-25T14:07:03","guid":{"rendered":"https:\/\/www.coheris.com\/?page_id=34525"},"modified":"2019-11-20T10:21:33","modified_gmt":"2019-11-20T09:21:33","slug":"corporate-social-responsibility","status":"publish","type":"page","link":"https:\/\/corporate.coheris.com\/en\/company\/corporate-social-responsibility\/","title":{"rendered":"Corporate Social Responsibility"},"content":{"rendered":"\n<style type=\"text\/css\" data-created_by=\"avia_inline_auto\" id=\"style-css-av-jysm70mc-00c2d3c8c0a397091201fcc93a23a9f0\">\n.avia-section.av-jysm70mc-00c2d3c8c0a397091201fcc93a23a9f0{\nbackground-repeat:no-repeat;\nbackground-image:url(https:\/\/corporate.coheris.com\/wp-content\/uploads\/2019\/08\/management.jpg);\nbackground-position:0% 0%;\nbackground-attachment:scroll;\nmargin-top:70px;\nmargin-bottom:90px;\n}\n<\/style>\n<div id='av_section_1'  class='avia-section av-jysm70mc-00c2d3c8c0a397091201fcc93a23a9f0 main_color avia-section-default avia-no-border-styling  avia-builder-el-0  el_before_av_one_full  avia-builder-el-first  header_gradient avia-full-stretch avia-bg-style-scroll container_wrap sidebar_right'  data-section-bg-repeat='stretch'><div class='container av-section-cont-open' ><main  role=\"main\" itemprop=\"mainContentOfPage\"  class='template-page content  av-content-small alpha units'><div class='post-entry post-entry-type-page post-entry-34525'><div class='entry-content-wrapper clearfix'>\n\n<style type=\"text\/css\" data-created_by=\"avia_inline_auto\" id=\"style-css-av-jzjzyxec-9b7d7365db787fc3854bd85d7019ca4b\">\n#top .hr.hr-invisible.av-jzjzyxec-9b7d7365db787fc3854bd85d7019ca4b{\nheight:225px;\n}\n<\/style>\n<div  class='hr av-jzjzyxec-9b7d7365db787fc3854bd85d7019ca4b hr-invisible  avia-builder-el-1  el_before_av_one_full  avia-builder-el-first '><span class='hr-inner '><span class=\"hr-inner-style\"><\/span><\/span><\/div>\n<div class='flex_column_table av-jysm67xt-245597c656d25504de334b2a8be7d85b sc-av_one_full av-equal-height-column-flextable'>\n<style type=\"text\/css\" data-created_by=\"avia_inline_auto\" id=\"style-css-av-jysm67xt-245597c656d25504de334b2a8be7d85b\">\n.flex_column.av-jysm67xt-245597c656d25504de334b2a8be7d85b{\nborder-radius:0px 0px 0px 0px;\npadding:0px 0px 0px 0px;\n}\n<\/style>\n<div  class='flex_column av-jysm67xt-245597c656d25504de334b2a8be7d85b av_one_full  avia-builder-el-2  el_after_av_hr  avia-builder-el-last  first flex_column_table_cell av-equal-height-column av-align-bottom av-zero-column-padding  '     ><p><br \/>\n\n<style type=\"text\/css\" data-created_by=\"avia_inline_auto\" id=\"style-css-av-k267ipnx-9373672d0adc5d7d267e0e3934fb1998\">\n#top .av-special-heading.av-k267ipnx-9373672d0adc5d7d267e0e3934fb1998{\npadding-bottom:10px;\n}\nbody .av-special-heading.av-k267ipnx-9373672d0adc5d7d267e0e3934fb1998 .av-special-heading-tag .heading-char{\nfont-size:25px;\n}\n.av-special-heading.av-k267ipnx-9373672d0adc5d7d267e0e3934fb1998 .av-subheading{\nfont-size:15px;\n}\n<\/style>\n<div  class='av-special-heading av-k267ipnx-9373672d0adc5d7d267e0e3934fb1998 av-special-heading-h1 blockquote modern-quote  avia-builder-el-4  el_after_av_codeblock  avia-builder-el-last '><h1 class='av-special-heading-tag '  itemprop=\"headline\"  >Social <span class='special_amp'>&amp;<\/span> Societal Policy<\/h1><div class='av-subheading av-subheading_below'><p>Corporate social responsibility (CSR) is an important concern for Coheris.<\/p>\n<p>As a software solution provider, Coheris pays particular attention to the social, environmental and economic consequences of all its activities.<\/p>\n<\/div><div class=\"special-heading-border\"><div class=\"special-heading-inner-border\"><\/div><\/div><\/div><\/p><\/div><\/div><!--close column table wrapper. Autoclose: 1 -->\n<\/div><\/div><\/main><!-- close content main element --><\/div><\/div><div id='after_section_1'  class='main_color av_default_container_wrap container_wrap sidebar_right'  ><div class='container av-section-cont-open' ><div class='template-page content  av-content-small alpha units'><div class='post-entry post-entry-type-page post-entry-34525'><div class='entry-content-wrapper clearfix'>\n\n<style type=\"text\/css\" data-created_by=\"avia_inline_auto\" id=\"style-css-av-v1y7j4-af2f5476fe6cb0659ff1f159f2f56386\">\n.flex_column.av-v1y7j4-af2f5476fe6cb0659ff1f159f2f56386{\nborder-radius:0px 0px 0px 0px;\npadding:0px 0px 0px 0px;\n}\n<\/style>\n<div  class='flex_column av-v1y7j4-af2f5476fe6cb0659ff1f159f2f56386 av_one_full  avia-builder-el-5  el_after_av_section  avia-builder-el-no-sibling  content_deep_page first flex_column_div av-zero-column-padding  '     ><p>\n<style type=\"text\/css\" data-created_by=\"avia_inline_auto\" id=\"style-css-av-av_heading-834698b4adfc11c4ea3a1842d601e666\">\n#top .av-special-heading.av-av_heading-834698b4adfc11c4ea3a1842d601e666{\npadding-bottom:10px;\n}\nbody .av-special-heading.av-av_heading-834698b4adfc11c4ea3a1842d601e666 .av-special-heading-tag .heading-char{\nfont-size:25px;\n}\n.av-special-heading.av-av_heading-834698b4adfc11c4ea3a1842d601e666 .av-subheading{\nfont-size:15px;\n}\n<\/style>\n<div  class='av-special-heading av-av_heading-834698b4adfc11c4ea3a1842d601e666 av-special-heading-h2 blockquote modern-quote  avia-builder-el-6  el_before_av_heading  avia-builder-el-first '><h2 class='av-special-heading-tag '  itemprop=\"headline\"  >Coheris\u2019 CSR approach is based on the following axes.<\/h2><div class=\"special-heading-border\"><div class=\"special-heading-inner-border\"><\/div><\/div><\/div><br \/>\n\n<style type=\"text\/css\" data-created_by=\"avia_inline_auto\" id=\"style-css-av-av_heading-b5ac901ca2ee2059bab02637fc8619fa\">\n#top .av-special-heading.av-av_heading-b5ac901ca2ee2059bab02637fc8619fa{\npadding-bottom:10px;\n}\nbody .av-special-heading.av-av_heading-b5ac901ca2ee2059bab02637fc8619fa .av-special-heading-tag .heading-char{\nfont-size:25px;\n}\n.av-special-heading.av-av_heading-b5ac901ca2ee2059bab02637fc8619fa .av-subheading{\nfont-size:15px;\n}\n<\/style>\n<div  class='av-special-heading av-av_heading-b5ac901ca2ee2059bab02637fc8619fa av-special-heading-h3 blockquote modern-quote  avia-builder-el-7  el_after_av_heading  el_before_av_textblock '><h3 class='av-special-heading-tag '  itemprop=\"headline\"  >Developing skills<\/h3><div class=\"special-heading-border\"><div class=\"special-heading-inner-border\"><\/div><\/div><\/div><br \/>\n<section  class='av_textblock_section av-jyst6szu-5b2ba5ddd458f732f12bebab142ba49c '   itemscope=\"itemscope\" itemtype=\"https:\/\/schema.org\/CreativeWork\" ><div class='avia_textblock'  itemprop=\"text\" ><p>Coheris has implemented three main areas of competence development:<\/p>\n<ul>\n<li>Technical trainings \/ trades specific to our activity<\/li>\n<\/ul>\n<p>As Coheris is a software publisher, a permanent monitoring of the technical and technological evolutions of its ecosystem is essential. The value of the company&#8217;s employees is its main asset and an important competitive strength. Technical training is regularly provided to employees.<\/p>\n<ul>\n<li>Conferences \/ fairs<\/li>\n<\/ul>\n<p>Information and training sessions on new technologies are often held through technical fairs or conferences. Coheris involves its employees in trade fairs and conferences to maintain a high quality technical watch and &#8220;up to date&#8221;.<\/p>\n<ul>\n<li>Development training courses<\/li>\n<\/ul>\n<p>Coheris has set up a number of training courses to enable employees to develop their management and foreign language skills.<\/p>\n<\/div><\/section><br \/>\n\n<style type=\"text\/css\" data-created_by=\"avia_inline_auto\" id=\"style-css-av-av_heading-29a62758c8531ff03220e4c33e0ff9e8\">\n#top .av-special-heading.av-av_heading-29a62758c8531ff03220e4c33e0ff9e8{\npadding-bottom:10px;\n}\nbody .av-special-heading.av-av_heading-29a62758c8531ff03220e4c33e0ff9e8 .av-special-heading-tag .heading-char{\nfont-size:25px;\n}\n.av-special-heading.av-av_heading-29a62758c8531ff03220e4c33e0ff9e8 .av-subheading{\nfont-size:15px;\n}\n<\/style>\n<div  class='av-special-heading av-av_heading-29a62758c8531ff03220e4c33e0ff9e8 av-special-heading-h3 blockquote modern-quote  avia-builder-el-9  el_after_av_textblock  el_before_av_textblock '><h3 class='av-special-heading-tag '  itemprop=\"headline\"  >Equal treatment: Diversity and the Fight against Discrimination<\/h3><div class=\"special-heading-border\"><div class=\"special-heading-inner-border\"><\/div><\/div><\/div><br \/>\n<section  class='av_textblock_section av-jyst6szu-5b2ba5ddd458f732f12bebab142ba49c '   itemscope=\"itemscope\" itemtype=\"https:\/\/schema.org\/CreativeWork\" ><div class='avia_textblock'  itemprop=\"text\" ><p>Coheris relies on the diversity of its workforce and talents, which is an asset for the group in terms of innovation, performance and competitiveness.<\/p>\n<p>In this respect, Coheris refrains from all forms of discrimination for any reason whatsoever and on any grounds whatsoever, as well as from any conduct that violates the dignity of the individual.<\/p>\n<p>The anti-discrimination policy is also characterised by the promotion of gender parity.<\/p>\n<p>The anti-discrimination policy is also characterised by the promotion of gender parity.<\/p>\n<p>Coheris has also signed an agreement to promote gender equality.<\/p>\n<p>This agreement aims to promote equal opportunities for women in employment and pay, as well as to help all employees to reconcile work and family life.<\/p>\n<p>Actions are also being implemented in the field of disability and are structured around two main areas:<\/p>\n<ul>\n<li>L\u2019insertion de personnes handicap\u00e9es<\/li>\n<\/ul>\n<p>Les locaux de Suresnes sont accessibles aux personnes handicap\u00e9s. De plus, un mobilier ergonomique a \u00e9t\u00e9 mis \u00e0 disposition de l\u2019ensemble des collaborateurs.<\/p>\n<ul>\n<li>The integration of disabled people<\/li>\n<\/ul>\n<p>The Suresnes premises are accessible to disabled people. In addition, ergonomic furniture was made available to all employees.<\/p>\n<p>Encouraging the outsourcing of activities to companies in the protected sector<br \/>\nIn this spirit, Coheris purchases supplies from companies employing disabled employees.<br \/>\nFinally, each year Coheris welcomes interns, which is a way of working upstream of the labour market, to support and integrate young people. These internship periods are also considered as an undeniable source of new talent who can then join Coheris on a long-term basis through an open-ended contract.<\/p>\n<\/div><\/section><br \/>\n\n<style type=\"text\/css\" data-created_by=\"avia_inline_auto\" id=\"style-css-av-av_heading-cb042f38ff5cb397c585a39d534aea28\">\n#top .av-special-heading.av-av_heading-cb042f38ff5cb397c585a39d534aea28{\npadding-bottom:10px;\n}\nbody .av-special-heading.av-av_heading-cb042f38ff5cb397c585a39d534aea28 .av-special-heading-tag .heading-char{\nfont-size:25px;\n}\n.av-special-heading.av-av_heading-cb042f38ff5cb397c585a39d534aea28 .av-subheading{\nfont-size:15px;\n}\n<\/style>\n<div  class='av-special-heading av-av_heading-cb042f38ff5cb397c585a39d534aea28 av-special-heading-h3 blockquote modern-quote  avia-builder-el-11  el_after_av_textblock  el_before_av_textblock '><h3 class='av-special-heading-tag '  itemprop=\"headline\"  >Promotion of and compliance with ILO conventions<\/h3><div class=\"special-heading-border\"><div class=\"special-heading-inner-border\"><\/div><\/div><\/div><br \/>\n<section  class='av_textblock_section av-jyst6szu-5b2ba5ddd458f732f12bebab142ba49c '   itemscope=\"itemscope\" itemtype=\"https:\/\/schema.org\/CreativeWork\" ><div class='avia_textblock'  itemprop=\"text\" ><p>Coheris complies with the regulations in force in its countries of establishment, which covers the ILO rules:<\/p>\n<ul>\n<li>Respect for freedom of association and the right to collective bargaining<\/li>\n<li>The elimination of discrimination in employment and occupation<\/li>\n<li>To the elimination of forced or compulsory labour<\/li>\n<li>The effective abolition of child labour<\/li>\n<\/ul>\n<\/div><\/section><br \/>\n\n<style type=\"text\/css\" data-created_by=\"avia_inline_auto\" id=\"style-css-av-av_heading-02a3518c02c376d80b7fd2c04ccdd99c\">\n#top .av-special-heading.av-av_heading-02a3518c02c376d80b7fd2c04ccdd99c{\npadding-bottom:10px;\n}\nbody .av-special-heading.av-av_heading-02a3518c02c376d80b7fd2c04ccdd99c .av-special-heading-tag .heading-char{\nfont-size:25px;\n}\n.av-special-heading.av-av_heading-02a3518c02c376d80b7fd2c04ccdd99c .av-subheading{\nfont-size:15px;\n}\n<\/style>\n<div  class='av-special-heading av-av_heading-02a3518c02c376d80b7fd2c04ccdd99c av-special-heading-h3 blockquote modern-quote  avia-builder-el-13  el_after_av_textblock  el_before_av_textblock '><h3 class='av-special-heading-tag '  itemprop=\"headline\"  >Loyalty of practices<\/h3><div class=\"special-heading-border\"><div class=\"special-heading-inner-border\"><\/div><\/div><\/div><br \/>\n<section  class='av_textblock_section av-jyst6szu-5b2ba5ddd458f732f12bebab142ba49c '   itemscope=\"itemscope\" itemtype=\"https:\/\/schema.org\/CreativeWork\" ><div class='avia_textblock'  itemprop=\"text\" ><p>Coheris never offers any compensation, monetary or otherwise, to obtain or retain a contract, and none of its representatives or partners are authorized to make illegal payments on its behalf.<\/p>\n<p>Coheris also requires total integrity from its employees in all aspects of their business. Management expects all employees to comply with the legislation and its internal policy.<\/p>\n<p>Aware of the major challenges related to the development of &#8220;cloud computing&#8221;, Coheris is committed to respecting the rights and expectations of individuals with regard to privacy and to protecting personal data against any unauthorized access, use, retention\/storage and disclosure.<\/p>\n<\/div><\/section><br \/>\n\n<style type=\"text\/css\" data-created_by=\"avia_inline_auto\" id=\"style-css-av-av_heading-63f5d965e42e65ad50bcd0199b8ad434\">\n#top .av-special-heading.av-av_heading-63f5d965e42e65ad50bcd0199b8ad434{\npadding-bottom:10px;\n}\nbody .av-special-heading.av-av_heading-63f5d965e42e65ad50bcd0199b8ad434 .av-special-heading-tag .heading-char{\nfont-size:25px;\n}\n.av-special-heading.av-av_heading-63f5d965e42e65ad50bcd0199b8ad434 .av-subheading{\nfont-size:15px;\n}\n<\/style>\n<div  class='av-special-heading av-av_heading-63f5d965e42e65ad50bcd0199b8ad434 av-special-heading-h3 blockquote modern-quote  avia-builder-el-15  el_after_av_textblock  el_before_av_button_big  avia-builder-el-last '><h3 class='av-special-heading-tag '  itemprop=\"headline\"  >Learn more about Coheris\u2019 CSR<\/h3><div class=\"special-heading-border\"><div class=\"special-heading-inner-border\"><\/div><\/div><\/div><br \/>\n<div  class='avia-button-wrap avia-button-center  avia-builder-el-16  el_after_av_heading  el_before_av_button_big  button_arrow_right'>\n<style type=\"text\/css\" data-created_by=\"avia_inline_auto\" id=\"style-css-av-jysti7w3-812bfddaf243d8d054b90d20b14988ff\">\n#top #wrap_all .avia-button.av-jysti7w3-812bfddaf243d8d054b90d20b14988ff{\ncolor:#ffffff;\ntransition:all 0.4s ease-in-out;\n}\n#top #wrap_all .avia-button.av-jysti7w3-812bfddaf243d8d054b90d20b14988ff:hover{\ncolor:#ffffff;\ntransition:all 0.4s ease-in-out;\n}\n<\/style>\n<a href='https:\/\/corporate.coheris.com\/en\/company\/corporate-social-responsibility\/' class='avia-color-theme-color avia-button avia-button-fullwidth av-jysti7w3-812bfddaf243d8d054b90d20b14988ff avia-icon_select-yes-right-icon avia-color-theme-color'   aria-label=\"Social &amp; societal policy\"><span class='avia_iconbox_title' >Social &amp; societal policy<\/span><span class='avia_button_icon avia_button_icon_right' aria-hidden='true' data-av_icon='\uf3d3' data-av_iconfont='fontello'><\/span><span class='avia_button_background avia-button avia-button-fullwidth avia-color-theme-color'><\/span><\/a><\/div><br \/>\n<div  class='avia-button-wrap avia-button-center  avia-builder-el-17  el_after_av_button_big  avia-builder-el-last  button_arrow_right'>\n<style type=\"text\/css\" data-created_by=\"avia_inline_auto\" id=\"style-css-av-jysti7w3-a12dfabfe54f9f8e578fcda58a335ee8\">\n#top #wrap_all .avia-button.av-jysti7w3-a12dfabfe54f9f8e578fcda58a335ee8{\ncolor:#ffffff;\ntransition:all 0.4s ease-in-out;\n}\n#top #wrap_all .avia-button.av-jysti7w3-a12dfabfe54f9f8e578fcda58a335ee8:hover{\ncolor:#ffffff;\ntransition:all 0.4s ease-in-out;\n}\n<\/style>\n<a href='https:\/\/corporate.coheris.com\/en\/company\/corporate-social-responsibility\/environmental-policy\/' class='avia-color-theme-color avia-button avia-button-fullwidth av-jysti7w3-a12dfabfe54f9f8e578fcda58a335ee8 avia-icon_select-yes-right-icon avia-color-theme-color'   aria-label=\"Environmental policy\"><span class='avia_iconbox_title' >Environmental policy<\/span><span class='avia_button_icon avia_button_icon_right' aria-hidden='true' data-av_icon='\uf3d3' data-av_iconfont='fontello'><\/span><span class='avia_button_background avia-button avia-button-fullwidth avia-color-theme-color'><\/span><\/a><\/div><\/p><\/div>\n","protected":false},"excerpt":{"rendered":"","protected":false},"author":6,"featured_media":0,"parent":34577,"menu_order":0,"comment_status":"closed","ping_status":"closed","template":"","meta":{"_acf_changed":false,"footnotes":""},"silos":[47],"class_list":["post-34525","page","type-page","status-publish","hentry","silos-societe"],"acf":[],"yoast_head":"<!-- This site is optimized with the Yoast SEO plugin v27.3 - https:\/\/yoast.com\/product\/yoast-seo-wordpress\/ -->\n<title>Corporate Social Responsibility<\/title>\n<meta name=\"robots\" content=\"index, follow, max-snippet:-1, max-image-preview:large, max-video-preview:-1\" \/>\n<link rel=\"canonical\" href=\"https:\/\/corporate.coheris.com\/en\/company\/corporate-social-responsibility\/\" \/>\n<meta property=\"og:locale\" content=\"en_US\" \/>\n<meta property=\"og:type\" content=\"article\" \/>\n<meta property=\"og:title\" content=\"Corporate Social Responsibility\" \/>\n<meta property=\"og:url\" content=\"https:\/\/corporate.coheris.com\/en\/company\/corporate-social-responsibility\/\" \/>\n<meta property=\"og:site_name\" content=\"Coheris by ChapsVision\" \/>\n<meta property=\"article:publisher\" content=\"https:\/\/www.facebook.com\/coheris\/timeline\" \/>\n<meta property=\"article:modified_time\" content=\"2019-11-20T09:21:33+00:00\" \/>\n<meta name=\"twitter:card\" content=\"summary_large_image\" \/>\n<meta name=\"twitter:site\" content=\"@Coheris\" \/>\n<meta name=\"twitter:label1\" content=\"Est. reading time\" \/>\n\t<meta name=\"twitter:data1\" content=\"9 minutes\" \/>\n<script type=\"application\/ld+json\" class=\"yoast-schema-graph\">{\"@context\":\"https:\\\/\\\/schema.org\",\"@graph\":[{\"@type\":\"WebPage\",\"@id\":\"https:\\\/\\\/corporate.coheris.com\\\/en\\\/company\\\/corporate-social-responsibility\\\/\",\"url\":\"https:\\\/\\\/corporate.coheris.com\\\/en\\\/company\\\/corporate-social-responsibility\\\/\",\"name\":\"Corporate Social Responsibility\",\"isPartOf\":{\"@id\":\"https:\\\/\\\/corporate.coheris.com\\\/en\\\/#website\"},\"datePublished\":\"2019-10-25T14:07:03+00:00\",\"dateModified\":\"2019-11-20T09:21:33+00:00\",\"breadcrumb\":{\"@id\":\"https:\\\/\\\/corporate.coheris.com\\\/en\\\/company\\\/corporate-social-responsibility\\\/#breadcrumb\"},\"inLanguage\":\"en-US\",\"potentialAction\":[{\"@type\":\"ReadAction\",\"target\":[\"https:\\\/\\\/corporate.coheris.com\\\/en\\\/company\\\/corporate-social-responsibility\\\/\"]}]},{\"@type\":\"BreadcrumbList\",\"@id\":\"https:\\\/\\\/corporate.coheris.com\\\/en\\\/company\\\/corporate-social-responsibility\\\/#breadcrumb\",\"itemListElement\":[{\"@type\":\"ListItem\",\"position\":1,\"name\":\"Soci\u00e9t\u00e9\",\"item\":\"https:\\\/\\\/corporate.coheris.com\\\/silos\\\/societe\\\/\"},{\"@type\":\"ListItem\",\"position\":2,\"name\":\"About Coheris\",\"item\":\"https:\\\/\\\/corporate.coheris.com\\\/en\\\/company\\\/\"},{\"@type\":\"ListItem\",\"position\":3,\"name\":\"Corporate Social Responsibility\"}]},{\"@type\":\"WebSite\",\"@id\":\"https:\\\/\\\/corporate.coheris.com\\\/en\\\/#website\",\"url\":\"https:\\\/\\\/corporate.coheris.com\\\/en\\\/\",\"name\":\"Coheris by ChapsVision\",\"description\":\"Editeur de r\u00e9f\u00e9rence de solutions CRM, IA &amp; Analytics, Coheris place sa connaissance au coeur de la Customer Intelligence et de la Data Intelligence.\",\"publisher\":{\"@id\":\"https:\\\/\\\/corporate.coheris.com\\\/en\\\/#organization\"},\"potentialAction\":[{\"@type\":\"SearchAction\",\"target\":{\"@type\":\"EntryPoint\",\"urlTemplate\":\"https:\\\/\\\/corporate.coheris.com\\\/en\\\/?s={search_term_string}\"},\"query-input\":{\"@type\":\"PropertyValueSpecification\",\"valueRequired\":true,\"valueName\":\"search_term_string\"}}],\"inLanguage\":\"en-US\"},{\"@type\":\"Organization\",\"@id\":\"https:\\\/\\\/corporate.coheris.com\\\/en\\\/#organization\",\"name\":\"Coheris\",\"url\":\"https:\\\/\\\/corporate.coheris.com\\\/en\\\/\",\"logo\":{\"@type\":\"ImageObject\",\"inLanguage\":\"en-US\",\"@id\":\"https:\\\/\\\/corporate.coheris.com\\\/en\\\/#\\\/schema\\\/logo\\\/image\\\/\",\"url\":\"https:\\\/\\\/corporate.coheris.com\\\/wp-content\\\/uploads\\\/2019\\\/07\\\/coheris_carre.png\",\"contentUrl\":\"https:\\\/\\\/corporate.coheris.com\\\/wp-content\\\/uploads\\\/2019\\\/07\\\/coheris_carre.png\",\"width\":554,\"height\":446,\"caption\":\"Coheris\"},\"image\":{\"@id\":\"https:\\\/\\\/corporate.coheris.com\\\/en\\\/#\\\/schema\\\/logo\\\/image\\\/\"},\"sameAs\":[\"https:\\\/\\\/www.facebook.com\\\/coheris\\\/timeline\",\"https:\\\/\\\/x.com\\\/Coheris\",\"https:\\\/\\\/www.linkedin.com\\\/company\\\/coheris\",\"https:\\\/\\\/www.youtube.com\\\/channel\\\/UCQaQua81jKSYkBWP_xMhbng\"]}]}<\/script>\n<!-- \/ Yoast SEO plugin. -->","yoast_head_json":{"title":"Corporate Social Responsibility","robots":{"index":"index","follow":"follow","max-snippet":"max-snippet:-1","max-image-preview":"max-image-preview:large","max-video-preview":"max-video-preview:-1"},"canonical":"https:\/\/corporate.coheris.com\/en\/company\/corporate-social-responsibility\/","og_locale":"en_US","og_type":"article","og_title":"Corporate Social Responsibility","og_url":"https:\/\/corporate.coheris.com\/en\/company\/corporate-social-responsibility\/","og_site_name":"Coheris by ChapsVision","article_publisher":"https:\/\/www.facebook.com\/coheris\/timeline","article_modified_time":"2019-11-20T09:21:33+00:00","twitter_card":"summary_large_image","twitter_site":"@Coheris","twitter_misc":{"Est. reading time":"9 minutes"},"schema":{"@context":"https:\/\/schema.org","@graph":[{"@type":"WebPage","@id":"https:\/\/corporate.coheris.com\/en\/company\/corporate-social-responsibility\/","url":"https:\/\/corporate.coheris.com\/en\/company\/corporate-social-responsibility\/","name":"Corporate Social Responsibility","isPartOf":{"@id":"https:\/\/corporate.coheris.com\/en\/#website"},"datePublished":"2019-10-25T14:07:03+00:00","dateModified":"2019-11-20T09:21:33+00:00","breadcrumb":{"@id":"https:\/\/corporate.coheris.com\/en\/company\/corporate-social-responsibility\/#breadcrumb"},"inLanguage":"en-US","potentialAction":[{"@type":"ReadAction","target":["https:\/\/corporate.coheris.com\/en\/company\/corporate-social-responsibility\/"]}]},{"@type":"BreadcrumbList","@id":"https:\/\/corporate.coheris.com\/en\/company\/corporate-social-responsibility\/#breadcrumb","itemListElement":[{"@type":"ListItem","position":1,"name":"Soci\u00e9t\u00e9","item":"https:\/\/corporate.coheris.com\/silos\/societe\/"},{"@type":"ListItem","position":2,"name":"About Coheris","item":"https:\/\/corporate.coheris.com\/en\/company\/"},{"@type":"ListItem","position":3,"name":"Corporate Social Responsibility"}]},{"@type":"WebSite","@id":"https:\/\/corporate.coheris.com\/en\/#website","url":"https:\/\/corporate.coheris.com\/en\/","name":"Coheris by ChapsVision","description":"Editeur de r\u00e9f\u00e9rence de solutions CRM, IA &amp; Analytics, Coheris place sa connaissance au coeur de la Customer Intelligence et de la Data Intelligence.","publisher":{"@id":"https:\/\/corporate.coheris.com\/en\/#organization"},"potentialAction":[{"@type":"SearchAction","target":{"@type":"EntryPoint","urlTemplate":"https:\/\/corporate.coheris.com\/en\/?s={search_term_string}"},"query-input":{"@type":"PropertyValueSpecification","valueRequired":true,"valueName":"search_term_string"}}],"inLanguage":"en-US"},{"@type":"Organization","@id":"https:\/\/corporate.coheris.com\/en\/#organization","name":"Coheris","url":"https:\/\/corporate.coheris.com\/en\/","logo":{"@type":"ImageObject","inLanguage":"en-US","@id":"https:\/\/corporate.coheris.com\/en\/#\/schema\/logo\/image\/","url":"https:\/\/corporate.coheris.com\/wp-content\/uploads\/2019\/07\/coheris_carre.png","contentUrl":"https:\/\/corporate.coheris.com\/wp-content\/uploads\/2019\/07\/coheris_carre.png","width":554,"height":446,"caption":"Coheris"},"image":{"@id":"https:\/\/corporate.coheris.com\/en\/#\/schema\/logo\/image\/"},"sameAs":["https:\/\/www.facebook.com\/coheris\/timeline","https:\/\/x.com\/Coheris","https:\/\/www.linkedin.com\/company\/coheris","https:\/\/www.youtube.com\/channel\/UCQaQua81jKSYkBWP_xMhbng"]}]}},"_links":{"self":[{"href":"https:\/\/corporate.coheris.com\/en\/wp-json\/wp\/v2\/pages\/34525","targetHints":{"allow":["GET"]}}],"collection":[{"href":"https:\/\/corporate.coheris.com\/en\/wp-json\/wp\/v2\/pages"}],"about":[{"href":"https:\/\/corporate.coheris.com\/en\/wp-json\/wp\/v2\/types\/page"}],"author":[{"embeddable":true,"href":"https:\/\/corporate.coheris.com\/en\/wp-json\/wp\/v2\/users\/6"}],"replies":[{"embeddable":true,"href":"https:\/\/corporate.coheris.com\/en\/wp-json\/wp\/v2\/comments?post=34525"}],"version-history":[{"count":4,"href":"https:\/\/corporate.coheris.com\/en\/wp-json\/wp\/v2\/pages\/34525\/revisions"}],"predecessor-version":[{"id":35819,"href":"https:\/\/corporate.coheris.com\/en\/wp-json\/wp\/v2\/pages\/34525\/revisions\/35819"}],"up":[{"embeddable":true,"href":"https:\/\/corporate.coheris.com\/en\/wp-json\/wp\/v2\/pages\/34577"}],"wp:attachment":[{"href":"https:\/\/corporate.coheris.com\/en\/wp-json\/wp\/v2\/media?parent=34525"}],"wp:term":[{"taxonomy":"silos","embeddable":true,"href":"https:\/\/corporate.coheris.com\/en\/wp-json\/wp\/v2\/silos?post=34525"}],"curies":[{"name":"wp","href":"https:\/\/api.w.org\/{rel}","templated":true}]}}