{"id":40515,"date":"2020-11-03T14:49:57","date_gmt":"2020-11-03T13:49:57","guid":{"rendered":"https:\/\/www.coheris.com\/?page_id=40515"},"modified":"2020-11-03T16:22:44","modified_gmt":"2020-11-03T15:22:44","slug":"aviso-legal","status":"publish","type":"page","link":"https:\/\/corporate.coheris.com\/es\/aviso-legal\/","title":{"rendered":"Aviso legal"},"content":{"rendered":"\n<style type=\"text\/css\" data-created_by=\"avia_inline_auto\" id=\"style-css-av-jysm70mc-3b180558433531b1619b29853db8bb15\">\n.avia-section.av-jysm70mc-3b180558433531b1619b29853db8bb15{\nbackground-repeat:no-repeat;\nbackground-image:url(https:\/\/corporate.coheris.com\/wp-content\/uploads\/2019\/07\/coheris-2.jpg);\nbackground-position:0% 0%;\nbackground-attachment:scroll;\nmargin-top:70px;\nmargin-bottom:90px;\n}\n<\/style>\n<div id='av_section_1'  class='avia-section av-jysm70mc-3b180558433531b1619b29853db8bb15 main_color avia-section-default avia-no-border-styling  avia-builder-el-0  el_before_av_one_full  avia-builder-el-first  header_gradient avia-full-stretch avia-bg-style-scroll container_wrap sidebar_right'  data-section-bg-repeat='stretch'><div class='container av-section-cont-open' ><main  role=\"main\" itemprop=\"mainContentOfPage\"  class='template-page content  av-content-small alpha units'><div class='post-entry post-entry-type-page post-entry-40515'><div class='entry-content-wrapper clearfix'>\n\n<style type=\"text\/css\" data-created_by=\"avia_inline_auto\" id=\"style-css-av-jzjzyxec-9b7d7365db787fc3854bd85d7019ca4b\">\n#top .hr.hr-invisible.av-jzjzyxec-9b7d7365db787fc3854bd85d7019ca4b{\nheight:225px;\n}\n<\/style>\n<div  class='hr av-jzjzyxec-9b7d7365db787fc3854bd85d7019ca4b hr-invisible  avia-builder-el-1  el_before_av_one_full  avia-builder-el-first '><span class='hr-inner '><span class=\"hr-inner-style\"><\/span><\/span><\/div>\n<div class='flex_column_table av-jysm67xt-245597c656d25504de334b2a8be7d85b sc-av_one_full av-equal-height-column-flextable'>\n<style type=\"text\/css\" data-created_by=\"avia_inline_auto\" id=\"style-css-av-jysm67xt-245597c656d25504de334b2a8be7d85b\">\n.flex_column.av-jysm67xt-245597c656d25504de334b2a8be7d85b{\nborder-radius:0px 0px 0px 0px;\npadding:0px 0px 0px 0px;\n}\n<\/style>\n<div  class='flex_column av-jysm67xt-245597c656d25504de334b2a8be7d85b av_one_full  avia-builder-el-2  el_after_av_hr  avia-builder-el-last  first flex_column_table_cell av-equal-height-column av-align-bottom av-zero-column-padding  '     ><p><br \/>\n\n<style type=\"text\/css\" data-created_by=\"avia_inline_auto\" id=\"style-css-av-kh20yjle-596e56c4a655cb66778a841c85f44c9b\">\n#top .av-special-heading.av-kh20yjle-596e56c4a655cb66778a841c85f44c9b{\npadding-bottom:10px;\n}\nbody .av-special-heading.av-kh20yjle-596e56c4a655cb66778a841c85f44c9b .av-special-heading-tag .heading-char{\nfont-size:25px;\n}\n.av-special-heading.av-kh20yjle-596e56c4a655cb66778a841c85f44c9b .av-subheading{\nfont-size:15px;\n}\n<\/style>\n<div  class='av-special-heading av-kh20yjle-596e56c4a655cb66778a841c85f44c9b av-special-heading-h1 blockquote modern-quote  avia-builder-el-4  el_after_av_codeblock  avia-builder-el-last  av-linked-heading'><h1 class='av-special-heading-tag '  itemprop=\"headline\"  >Aviso legal<\/h1><div class='av-subheading av-subheading_below'><p>Informaci\u00f3n legal<\/p>\n<\/div><div class=\"special-heading-border\"><div class=\"special-heading-inner-border\"><\/div><\/div><\/div><\/p><\/div><\/div><!--close column table wrapper. Autoclose: 1 -->\n<\/div><\/div><\/main><!-- close content main element --><\/div><\/div><div id='after_section_1'  class='main_color av_default_container_wrap container_wrap sidebar_right'  ><div class='container av-section-cont-open' ><div class='template-page content  av-content-small alpha units'><div class='post-entry post-entry-type-page post-entry-40515'><div class='entry-content-wrapper clearfix'>\n\n<style type=\"text\/css\" data-created_by=\"avia_inline_auto\" id=\"style-css-av-v1y7j4-af2f5476fe6cb0659ff1f159f2f56386\">\n.flex_column.av-v1y7j4-af2f5476fe6cb0659ff1f159f2f56386{\nborder-radius:0px 0px 0px 0px;\npadding:0px 0px 0px 0px;\n}\n<\/style>\n<div  class='flex_column av-v1y7j4-af2f5476fe6cb0659ff1f159f2f56386 av_one_full  avia-builder-el-5  el_after_av_section  avia-builder-el-no-sibling  content_deep_page first flex_column_div av-zero-column-padding  '     ><p>\n<style type=\"text\/css\" data-created_by=\"avia_inline_auto\" id=\"style-css-av-av_heading-47131d9b8e9251f9a8f4e266691a8052\">\n#top .av-special-heading.av-av_heading-47131d9b8e9251f9a8f4e266691a8052{\npadding-bottom:10px;\n}\nbody .av-special-heading.av-av_heading-47131d9b8e9251f9a8f4e266691a8052 .av-special-heading-tag .heading-char{\nfont-size:25px;\n}\n.av-special-heading.av-av_heading-47131d9b8e9251f9a8f4e266691a8052 .av-subheading{\nfont-size:15px;\n}\n<\/style>\n<div  class='av-special-heading av-av_heading-47131d9b8e9251f9a8f4e266691a8052 av-special-heading-h2 blockquote modern-quote  avia-builder-el-6  el_before_av_textblock  avia-builder-el-first  av-linked-heading'><h2 class='av-special-heading-tag '  itemprop=\"headline\"  >Informaci\u00f3n legal<\/h2><div class=\"special-heading-border\"><div class=\"special-heading-inner-border\"><\/div><\/div><\/div><br \/>\n<section  class='av_textblock_section av-jyst6szu-0ff6b342f9744157d44d88884bdac146 '   itemscope=\"itemscope\" itemtype=\"https:\/\/schema.org\/CreativeWork\" ><div class='avia_textblock'  itemprop=\"text\" ><h3><strong>Editeur\u00a0:<\/strong><\/h3>\n<p>Este sitio es editado por :<\/p>\n<p>COHERIS SA<\/p>\n<p>Sociedad An\u00f3nima con un capital social de 2.274.230 euros<\/p>\n<p>Con sede en el 4 rue du Port aux Vins en Suresnes (92150), Francia.<\/p>\n<p>Registrado en el RCS de Nanterre con el n\u00famero : 399 467 927<\/p>\n<p>N\u00famero de IVA intracomunitario: FR 27 399 467 927<\/p>\n<p>Encabezado por Olivier Dellenbach, Presidente y Director General.<\/p>\n<p>Tel\u00e9fono: +33 (0)1 57 32 60 60<\/p>\n<p>Correo electr\u00f3nico: contact@coheris.com<\/p>\n<h3>El director de publicaci\u00f3n del sitio es :<\/h3>\n<p>El Sr. Olivier Dellenbach como Presidente y Director General del Grupo Coheris.<\/p>\n<h3>El proveedor de alojamiento del sitio, el dise\u00f1o gr\u00e1fico, la direcci\u00f3n t\u00e9cnica es :<\/h3>\n<p><a title=\"Cr\u00e9ation de site internet\" href=\"https:\/\/www.newp.fr\/\" target=\"_blank\" rel=\"noopener noreferrer\">Newp<\/a><\/p>\n<h3>Descargo de responsabilidad :<\/h3>\n<p>El usuario del sitio reconoce haber le\u00eddo este aviso legal y se compromete a respetarlo.<\/p>\n<p>Nos comprometemos a hacer nuestros mejores esfuerzos para asegurar que los usuarios puedan acceder al sitio en todo momento. Sin embargo, no podemos ser responsables en caso de que el sitio no est\u00e9 disponible por cualquier raz\u00f3n.<\/p>\n<p>La informaci\u00f3n que se ofrece en este sitio es s\u00f3lo para fines informativos. No se puede garantizar la exactitud e integridad de la informaci\u00f3n proporcionada en este sitio, ni el funcionamiento adecuado permanente o la seguridad total de la computadora.<\/p>\n<p>Hacemos todo lo posible para proporcionar a los usuarios informaci\u00f3n y herramientas disponibles y verificadas, pero no podemos ser responsables de los errores, la falta de disponibilidad de informaci\u00f3n y\/o la presencia de virus u otras infecciones l\u00f3gicas en este sitio.<\/p>\n<p>De conformidad con la ley n\u00b078-17 del 6 de enero de 1978 relativa a la inform\u00e1tica, a los ficheros y a las libertades modificada y con la reglamentaci\u00f3n general de protecci\u00f3n de los datos de car\u00e1cter personal (\u00abRGPD\u00bb), la sociedad COHERIS, responsable del tratamiento, informa al usuario de que trata los datos personales que le conciernen.<\/p>\n<p>La informaci\u00f3n comunicada por el usuario mediante los formularios disponibles en el sitio est\u00e1 destinada al personal autorizado del responsable del tratamiento de datos, para fines de gesti\u00f3n administrativa y comercial.<\/p>\n<p>Le informamos que tiene derecho a acceder, modificar y rectificar la informaci\u00f3n que le concierne. Tambi\u00e9n tiene derecho a oponerse al tratamiento de sus datos personales por motivos leg\u00edtimos, as\u00ed como a la utilizaci\u00f3n de esos datos con fines de prospecci\u00f3n comercial.<\/p>\n<p>Para ejercer sus derechos, debe enviar una carta a la empresa COHERIS, acompa\u00f1ada de una fotocopia del frente de un documento de identidad, a la siguiente direcci\u00f3n postal: COHERIS, 4 rue du Port aux Vins 92150 SURESNES.<\/p>\n<p>Las reglas aplicables a las cookies est\u00e1n accesibles en la pol\u00edtica de cookies disponible en nuestro sitio web.<\/p>\n<p>Nos reservamos el derecho de modificar el contenido del presente documento en cualquier momento y sin previo aviso. Por lo tanto, se invita al usuario a consultar regularmente los avisos legales.<\/p>\n<p>El presente sitio se rige por la ley francesa.<\/p>\n<p>La versi\u00f3n actual de este sitio fue puesta en l\u00ednea el 28 de octubre de 2019.<\/p>\n<\/div><\/section><br \/>\n\n<style type=\"text\/css\" data-created_by=\"avia_inline_auto\" id=\"style-css-av-av_heading-7b44c0818bccbb9707729d7c70fada4a\">\n#top .av-special-heading.av-av_heading-7b44c0818bccbb9707729d7c70fada4a{\npadding-bottom:10px;\n}\nbody .av-special-heading.av-av_heading-7b44c0818bccbb9707729d7c70fada4a .av-special-heading-tag .heading-char{\nfont-size:25px;\n}\n.av-special-heading.av-av_heading-7b44c0818bccbb9707729d7c70fada4a .av-subheading{\nfont-size:15px;\n}\n<\/style>\n<div  class='av-special-heading av-av_heading-7b44c0818bccbb9707729d7c70fada4a av-special-heading-h3 blockquote modern-quote  avia-builder-el-8  el_after_av_textblock  el_before_av_button_big  avia-builder-el-last  av-linked-heading'><h3 class='av-special-heading-tag '  itemprop=\"headline\"  >Para consultar la informaci\u00f3n legal del sitio web coheris.com, por favor siga los siguientes enlaces<\/h3><div class=\"special-heading-border\"><div class=\"special-heading-inner-border\"><\/div><\/div><\/div><br \/>\n<div  class='avia-button-wrap avia-button-center  avia-builder-el-9  el_after_av_heading  el_before_av_button_big  button_arrow_right'>\n<style type=\"text\/css\" data-created_by=\"avia_inline_auto\" id=\"style-css-av-jysti7w3-9272224231fe73ab935d7a760042153f\">\n#top #wrap_all .avia-button.av-jysti7w3-9272224231fe73ab935d7a760042153f:hover{\ncolor:#ffffff;\ntransition:all 0.4s ease-in-out;\n}\n<\/style>\n<a href='https:\/\/corporate.coheris.com\/es\/politica-privacidad\/' class='avia-color-theme-color avia-font-color-theme-color avia-button avia-button-fullwidth av-jysti7w3-9272224231fe73ab935d7a760042153f avia-icon_select-yes-right-icon avia-color-theme-color'   aria-label=\"Politica de Privacidad\"><span class='avia_iconbox_title' >Politica de Privacidad<\/span><span class='avia_button_icon avia_button_icon_right' aria-hidden='true' data-av_icon='\uf3d3' data-av_iconfont='fontello'><\/span><span class='avia_button_background avia-button avia-button-fullwidth avia-color-theme-color'><\/span><\/a><\/div><br \/>\n<div  class='avia-button-wrap avia-button-center  avia-builder-el-10  el_after_av_button_big  el_before_av_button_big  button_arrow_right'>\n<style type=\"text\/css\" data-created_by=\"avia_inline_auto\" id=\"style-css-av-jysti7w3-e6ef451968ed5226eff7c6c3d69101da\">\n#top #wrap_all .avia-button.av-jysti7w3-e6ef451968ed5226eff7c6c3d69101da:hover{\ncolor:#ffffff;\ntransition:all 0.4s ease-in-out;\n}\n<\/style>\n<a href='https:\/\/corporate.coheris.com\/es\/es\/politica-cookies\/' class='avia-color-theme-color avia-font-color-theme-color avia-button avia-button-fullwidth av-jysti7w3-e6ef451968ed5226eff7c6c3d69101da avia-icon_select-yes-right-icon avia-color-theme-color'   aria-label=\"Pol\u00edtica de cookies\"><span class='avia_iconbox_title' >Pol\u00edtica de cookies<\/span><span class='avia_button_icon avia_button_icon_right' aria-hidden='true' data-av_icon='\uf3d3' data-av_iconfont='fontello'><\/span><span class='avia_button_background avia-button avia-button-fullwidth avia-color-theme-color'><\/span><\/a><\/div><br \/>\n<div  class='avia-button-wrap avia-button-center  avia-builder-el-11  el_after_av_button_big  el_before_av_button_big  button_arrow_right'>\n<style type=\"text\/css\" data-created_by=\"avia_inline_auto\" id=\"style-css-av-jysti7w3-23a13363f6e5db4875f5f2e2a89fa286\">\n#top #wrap_all .avia-button.av-jysti7w3-23a13363f6e5db4875f5f2e2a89fa286:hover{\ncolor:#ffffff;\ntransition:all 0.4s ease-in-out;\n}\n<\/style>\n<a href='https:\/\/corporate.coheris.com\/es\/condiciones-generales-de-venta\/' class='avia-color-theme-color avia-font-color-theme-color avia-button avia-button-fullwidth av-jysti7w3-23a13363f6e5db4875f5f2e2a89fa286 avia-icon_select-yes-right-icon avia-color-theme-color'   aria-label=\"Condiciones generales de venta\"><span class='avia_iconbox_title' >Condiciones generales de venta<\/span><span class='avia_button_icon avia_button_icon_right' aria-hidden='true' data-av_icon='\uf3d3' data-av_iconfont='fontello'><\/span><span class='avia_button_background avia-button avia-button-fullwidth avia-color-theme-color'><\/span><\/a><\/div><br \/>\n<div  class='avia-button-wrap avia-button-center  avia-builder-el-12  el_after_av_button_big  avia-builder-el-last  button_arrow_right'>\n<style type=\"text\/css\" data-created_by=\"avia_inline_auto\" id=\"style-css-av-jysti7w3-22219c7f73cbd84a261f1f1edc987d93\">\n#top #wrap_all .avia-button.av-jysti7w3-22219c7f73cbd84a261f1f1edc987d93:hover{\ncolor:#ffffff;\ntransition:all 0.4s ease-in-out;\n}\n<\/style>\n<a href='https:\/\/corporate.coheris.com\/es\/acuerdo-licencia-usuario\/' class='avia-color-theme-color avia-font-color-theme-color avia-button avia-button-fullwidth av-jysti7w3-22219c7f73cbd84a261f1f1edc987d93 avia-icon_select-yes-right-icon avia-color-theme-color'   aria-label=\"Acuerdo de licencia de usuario final\"><span class='avia_iconbox_title' >Acuerdo de licencia de usuario final<\/span><span class='avia_button_icon avia_button_icon_right' aria-hidden='true' data-av_icon='\uf3d3' data-av_iconfont='fontello'><\/span><span class='avia_button_background avia-button avia-button-fullwidth avia-color-theme-color'><\/span><\/a><\/div><\/p><\/div>\n","protected":false},"excerpt":{"rendered":"","protected":false},"author":10,"featured_media":0,"parent":0,"menu_order":0,"comment_status":"closed","ping_status":"closed","template":"","meta":{"_acf_changed":false,"footnotes":""},"silos":[126],"class_list":["post-40515","page","type-page","status-publish","hentry","silos-informations-legales"],"acf":[],"yoast_head":"<!-- This site is optimized with the Yoast SEO plugin v27.3 - https:\/\/yoast.com\/product\/yoast-seo-wordpress\/ -->\n<title>Aviso legal<\/title>\n<meta name=\"robots\" content=\"index, follow, max-snippet:-1, max-image-preview:large, max-video-preview:-1\" \/>\n<link rel=\"canonical\" href=\"https:\/\/corporate.coheris.com\/es\/aviso-legal\/\" \/>\n<meta property=\"og:locale\" content=\"es_ES\" \/>\n<meta property=\"og:type\" content=\"article\" \/>\n<meta property=\"og:title\" content=\"Aviso legal\" \/>\n<meta property=\"og:url\" content=\"https:\/\/corporate.coheris.com\/es\/aviso-legal\/\" \/>\n<meta property=\"og:site_name\" content=\"Coheris by ChapsVision\" \/>\n<meta property=\"article:publisher\" content=\"https:\/\/www.facebook.com\/coheris\/timeline\" \/>\n<meta property=\"article:modified_time\" content=\"2020-11-03T15:22:44+00:00\" \/>\n<meta name=\"twitter:card\" content=\"summary_large_image\" \/>\n<meta name=\"twitter:site\" content=\"@Coheris\" \/>\n<meta name=\"twitter:label1\" content=\"Tiempo de lectura\" \/>\n\t<meta name=\"twitter:data1\" content=\"7 minutos\" \/>\n<script type=\"application\/ld+json\" class=\"yoast-schema-graph\">{\"@context\":\"https:\\\/\\\/schema.org\",\"@graph\":[{\"@type\":\"WebPage\",\"@id\":\"https:\\\/\\\/corporate.coheris.com\\\/es\\\/aviso-legal\\\/\",\"url\":\"https:\\\/\\\/corporate.coheris.com\\\/es\\\/aviso-legal\\\/\",\"name\":\"Aviso legal\",\"isPartOf\":{\"@id\":\"https:\\\/\\\/corporate.coheris.com\\\/es\\\/#website\"},\"datePublished\":\"2020-11-03T13:49:57+00:00\",\"dateModified\":\"2020-11-03T15:22:44+00:00\",\"breadcrumb\":{\"@id\":\"https:\\\/\\\/corporate.coheris.com\\\/es\\\/aviso-legal\\\/#breadcrumb\"},\"inLanguage\":\"es\",\"potentialAction\":[{\"@type\":\"ReadAction\",\"target\":[\"https:\\\/\\\/corporate.coheris.com\\\/es\\\/aviso-legal\\\/\"]}]},{\"@type\":\"BreadcrumbList\",\"@id\":\"https:\\\/\\\/corporate.coheris.com\\\/es\\\/aviso-legal\\\/#breadcrumb\",\"itemListElement\":[{\"@type\":\"ListItem\",\"position\":1,\"name\":\"Soci\u00e9t\u00e9\",\"item\":\"https:\\\/\\\/corporate.coheris.com\\\/silos\\\/societe\\\/\"},{\"@type\":\"ListItem\",\"position\":2,\"name\":\"Informations L\u00e9gales\",\"item\":\"https:\\\/\\\/corporate.coheris.com\\\/silos\\\/informations-legales\\\/\"},{\"@type\":\"ListItem\",\"position\":3,\"name\":\"Aviso legal\"}]},{\"@type\":\"WebSite\",\"@id\":\"https:\\\/\\\/corporate.coheris.com\\\/es\\\/#website\",\"url\":\"https:\\\/\\\/corporate.coheris.com\\\/es\\\/\",\"name\":\"Coheris by ChapsVision\",\"description\":\"Editeur de r\u00e9f\u00e9rence de solutions CRM, IA &amp; Analytics, Coheris place sa connaissance au coeur de la Customer Intelligence et de la Data Intelligence.\",\"publisher\":{\"@id\":\"https:\\\/\\\/corporate.coheris.com\\\/es\\\/#organization\"},\"potentialAction\":[{\"@type\":\"SearchAction\",\"target\":{\"@type\":\"EntryPoint\",\"urlTemplate\":\"https:\\\/\\\/corporate.coheris.com\\\/es\\\/?s={search_term_string}\"},\"query-input\":{\"@type\":\"PropertyValueSpecification\",\"valueRequired\":true,\"valueName\":\"search_term_string\"}}],\"inLanguage\":\"es\"},{\"@type\":\"Organization\",\"@id\":\"https:\\\/\\\/corporate.coheris.com\\\/es\\\/#organization\",\"name\":\"Coheris\",\"url\":\"https:\\\/\\\/corporate.coheris.com\\\/es\\\/\",\"logo\":{\"@type\":\"ImageObject\",\"inLanguage\":\"es\",\"@id\":\"https:\\\/\\\/corporate.coheris.com\\\/es\\\/#\\\/schema\\\/logo\\\/image\\\/\",\"url\":\"https:\\\/\\\/corporate.coheris.com\\\/wp-content\\\/uploads\\\/2019\\\/07\\\/coheris_carre.png\",\"contentUrl\":\"https:\\\/\\\/corporate.coheris.com\\\/wp-content\\\/uploads\\\/2019\\\/07\\\/coheris_carre.png\",\"width\":554,\"height\":446,\"caption\":\"Coheris\"},\"image\":{\"@id\":\"https:\\\/\\\/corporate.coheris.com\\\/es\\\/#\\\/schema\\\/logo\\\/image\\\/\"},\"sameAs\":[\"https:\\\/\\\/www.facebook.com\\\/coheris\\\/timeline\",\"https:\\\/\\\/x.com\\\/Coheris\",\"https:\\\/\\\/www.linkedin.com\\\/company\\\/coheris\",\"https:\\\/\\\/www.youtube.com\\\/channel\\\/UCQaQua81jKSYkBWP_xMhbng\"]}]}<\/script>\n<!-- \/ Yoast SEO plugin. -->","yoast_head_json":{"title":"Aviso legal","robots":{"index":"index","follow":"follow","max-snippet":"max-snippet:-1","max-image-preview":"max-image-preview:large","max-video-preview":"max-video-preview:-1"},"canonical":"https:\/\/corporate.coheris.com\/es\/aviso-legal\/","og_locale":"es_ES","og_type":"article","og_title":"Aviso legal","og_url":"https:\/\/corporate.coheris.com\/es\/aviso-legal\/","og_site_name":"Coheris by ChapsVision","article_publisher":"https:\/\/www.facebook.com\/coheris\/timeline","article_modified_time":"2020-11-03T15:22:44+00:00","twitter_card":"summary_large_image","twitter_site":"@Coheris","twitter_misc":{"Tiempo de lectura":"7 minutos"},"schema":{"@context":"https:\/\/schema.org","@graph":[{"@type":"WebPage","@id":"https:\/\/corporate.coheris.com\/es\/aviso-legal\/","url":"https:\/\/corporate.coheris.com\/es\/aviso-legal\/","name":"Aviso legal","isPartOf":{"@id":"https:\/\/corporate.coheris.com\/es\/#website"},"datePublished":"2020-11-03T13:49:57+00:00","dateModified":"2020-11-03T15:22:44+00:00","breadcrumb":{"@id":"https:\/\/corporate.coheris.com\/es\/aviso-legal\/#breadcrumb"},"inLanguage":"es","potentialAction":[{"@type":"ReadAction","target":["https:\/\/corporate.coheris.com\/es\/aviso-legal\/"]}]},{"@type":"BreadcrumbList","@id":"https:\/\/corporate.coheris.com\/es\/aviso-legal\/#breadcrumb","itemListElement":[{"@type":"ListItem","position":1,"name":"Soci\u00e9t\u00e9","item":"https:\/\/corporate.coheris.com\/silos\/societe\/"},{"@type":"ListItem","position":2,"name":"Informations L\u00e9gales","item":"https:\/\/corporate.coheris.com\/silos\/informations-legales\/"},{"@type":"ListItem","position":3,"name":"Aviso legal"}]},{"@type":"WebSite","@id":"https:\/\/corporate.coheris.com\/es\/#website","url":"https:\/\/corporate.coheris.com\/es\/","name":"Coheris by ChapsVision","description":"Editeur de r\u00e9f\u00e9rence de solutions CRM, IA &amp; Analytics, Coheris place sa connaissance au coeur de la Customer Intelligence et de la Data Intelligence.","publisher":{"@id":"https:\/\/corporate.coheris.com\/es\/#organization"},"potentialAction":[{"@type":"SearchAction","target":{"@type":"EntryPoint","urlTemplate":"https:\/\/corporate.coheris.com\/es\/?s={search_term_string}"},"query-input":{"@type":"PropertyValueSpecification","valueRequired":true,"valueName":"search_term_string"}}],"inLanguage":"es"},{"@type":"Organization","@id":"https:\/\/corporate.coheris.com\/es\/#organization","name":"Coheris","url":"https:\/\/corporate.coheris.com\/es\/","logo":{"@type":"ImageObject","inLanguage":"es","@id":"https:\/\/corporate.coheris.com\/es\/#\/schema\/logo\/image\/","url":"https:\/\/corporate.coheris.com\/wp-content\/uploads\/2019\/07\/coheris_carre.png","contentUrl":"https:\/\/corporate.coheris.com\/wp-content\/uploads\/2019\/07\/coheris_carre.png","width":554,"height":446,"caption":"Coheris"},"image":{"@id":"https:\/\/corporate.coheris.com\/es\/#\/schema\/logo\/image\/"},"sameAs":["https:\/\/www.facebook.com\/coheris\/timeline","https:\/\/x.com\/Coheris","https:\/\/www.linkedin.com\/company\/coheris","https:\/\/www.youtube.com\/channel\/UCQaQua81jKSYkBWP_xMhbng"]}]}},"_links":{"self":[{"href":"https:\/\/corporate.coheris.com\/es\/wp-json\/wp\/v2\/pages\/40515","targetHints":{"allow":["GET"]}}],"collection":[{"href":"https:\/\/corporate.coheris.com\/es\/wp-json\/wp\/v2\/pages"}],"about":[{"href":"https:\/\/corporate.coheris.com\/es\/wp-json\/wp\/v2\/types\/page"}],"author":[{"embeddable":true,"href":"https:\/\/corporate.coheris.com\/es\/wp-json\/wp\/v2\/users\/10"}],"replies":[{"embeddable":true,"href":"https:\/\/corporate.coheris.com\/es\/wp-json\/wp\/v2\/comments?post=40515"}],"version-history":[{"count":4,"href":"https:\/\/corporate.coheris.com\/es\/wp-json\/wp\/v2\/pages\/40515\/revisions"}],"predecessor-version":[{"id":40539,"href":"https:\/\/corporate.coheris.com\/es\/wp-json\/wp\/v2\/pages\/40515\/revisions\/40539"}],"wp:attachment":[{"href":"https:\/\/corporate.coheris.com\/es\/wp-json\/wp\/v2\/media?parent=40515"}],"wp:term":[{"taxonomy":"silos","embeddable":true,"href":"https:\/\/corporate.coheris.com\/es\/wp-json\/wp\/v2\/silos?post=40515"}],"curies":[{"name":"wp","href":"https:\/\/api.w.org\/{rel}","templated":true}]}}